{"id":2,"date":"2022-12-25T22:34:13","date_gmt":"2022-12-25T21:34:13","guid":{"rendered":"http:\/\/rmuzypz.cluster029.hosting.ovh.net\/?page_id=2"},"modified":"2022-12-26T19:02:58","modified_gmt":"2022-12-26T18:02:58","slug":"page-d-exemple","status":"publish","type":"page","link":"http:\/\/rmuzypz.cluster029.hosting.ovh.net\/","title":{"rendered":"Accueil"},"content":{"rendered":"\n<figure class=\"wp-block-image size-large\"><img loading=\"lazy\" decoding=\"async\" width=\"1024\" height=\"407\" src=\"http:\/\/rmuzypz.cluster029.hosting.ovh.net\/wp-content\/uploads\/2022\/12\/Chalon1-recadree4-1024x407.jpg\" alt=\"\" class=\"wp-image-10\" srcset=\"http:\/\/rmuzypz.cluster029.hosting.ovh.net\/wp-content\/uploads\/2022\/12\/Chalon1-recadree4-1024x407.jpg 1024w, http:\/\/rmuzypz.cluster029.hosting.ovh.net\/wp-content\/uploads\/2022\/12\/Chalon1-recadree4-300x119.jpg 300w, http:\/\/rmuzypz.cluster029.hosting.ovh.net\/wp-content\/uploads\/2022\/12\/Chalon1-recadree4-768x305.jpg 768w, http:\/\/rmuzypz.cluster029.hosting.ovh.net\/wp-content\/uploads\/2022\/12\/Chalon1-recadree4.jpg 1280w\" sizes=\"auto, (max-width: 1024px) 100vw, 1024px\" \/><\/figure>\n\n\n\n<div class=\"wp-block-columns is-layout-flex wp-container-core-columns-is-layout-9d6595d7 wp-block-columns-is-layout-flex\">\n<div class=\"wp-block-column is-layout-flow wp-block-column-is-layout-flow\" style=\"flex-basis:100%\">\n<p class=\"has-text-align-center has-white-color has-text-color\" style=\"font-size:16px\"><strong>Philippe Gilbert<\/strong> \u2014 Saxophone alto  \/  <strong>Fred Meyer<\/strong>\u2014 Guitare  \/  <strong>S\u00e9bastien Fran\u00e7ois<\/strong> \u2014 Contrebasse<\/p>\n\n\n\n<blockquote class=\"wp-block-quote has-white-color has-text-color is-layout-flow wp-block-quote-is-layout-flow\" style=\"font-size:12px;font-style:normal;font-weight:700\">\n<p><strong>R\u00e9uni autour du r\u00e9pertoire de Monk et Mingus, le trio Criss Cross en donne une lecture personnalis\u00e9e et aventureuse.<\/strong><br><strong>Les arrangements des th\u00e8mes choisis permettent une diversit\u00e9 d\u2019ambiances, et font de leur concert un moment privil\u00e9gi\u00e9.<\/strong><br><strong>A d\u00e9couvrir sans tarder, dans une formule guitare, contrebasse et saxophone alto, au service d\u2019une sonorit\u00e9 patiemment construite.<\/strong><\/p>\n<\/blockquote>\n<\/div>\n<\/div>\n","protected":false},"excerpt":{"rendered":"<p>Philippe Gilbert \u2014 Saxophone alto \/ Fred Meyer\u2014 Guitare \/ S\u00e9bastien Fran\u00e7ois \u2014 Contrebasse R\u00e9uni autour du r\u00e9pertoire de Monk et Mingus, le trio Criss Cross en donne une lecture personnalis\u00e9e et aventureuse.Les arrangements des th\u00e8mes choisis permettent une diversit\u00e9 d\u2019ambiances, et font de leur concert un moment privil\u00e9gi\u00e9.A d\u00e9couvrir sans tarder, dans une formule &hellip; <\/p>\n<p class=\"link-more\"><a href=\"http:\/\/rmuzypz.cluster029.hosting.ovh.net\/\" class=\"more-link\">Continue reading<span class=\"screen-reader-text\"> &#8220;Accueil&#8221;<\/span><\/a><\/p>\n","protected":false},"author":1,"featured_media":0,"parent":0,"menu_order":0,"comment_status":"closed","ping_status":"open","template":"","meta":{"footnotes":""},"class_list":["post-2","page","type-page","status-publish","hentry"],"_links":{"self":[{"href":"http:\/\/rmuzypz.cluster029.hosting.ovh.net\/index.php\/wp-json\/wp\/v2\/pages\/2","targetHints":{"allow":["GET"]}}],"collection":[{"href":"http:\/\/rmuzypz.cluster029.hosting.ovh.net\/index.php\/wp-json\/wp\/v2\/pages"}],"about":[{"href":"http:\/\/rmuzypz.cluster029.hosting.ovh.net\/index.php\/wp-json\/wp\/v2\/types\/page"}],"author":[{"embeddable":true,"href":"http:\/\/rmuzypz.cluster029.hosting.ovh.net\/index.php\/wp-json\/wp\/v2\/users\/1"}],"replies":[{"embeddable":true,"href":"http:\/\/rmuzypz.cluster029.hosting.ovh.net\/index.php\/wp-json\/wp\/v2\/comments?post=2"}],"version-history":[{"count":27,"href":"http:\/\/rmuzypz.cluster029.hosting.ovh.net\/index.php\/wp-json\/wp\/v2\/pages\/2\/revisions"}],"predecessor-version":[{"id":87,"href":"http:\/\/rmuzypz.cluster029.hosting.ovh.net\/index.php\/wp-json\/wp\/v2\/pages\/2\/revisions\/87"}],"wp:attachment":[{"href":"http:\/\/rmuzypz.cluster029.hosting.ovh.net\/index.php\/wp-json\/wp\/v2\/media?parent=2"}],"curies":[{"name":"wp","href":"https:\/\/api.w.org\/{rel}","templated":true}]}}